{"id":1693,"date":"2019-02-20T20:24:26","date_gmt":"2019-02-20T20:24:26","guid":{"rendered":"https:\/\/www.hotellaromantica.cz\/o-nas\/"},"modified":"2026-01-14T11:34:57","modified_gmt":"2026-01-14T10:34:57","slug":"about-us","status":"publish","type":"page","link":"https:\/\/www.hotellaromantica.cz\/en\/about-us\/","title":{"rendered":"About us"},"content":{"rendered":"<p><div class=\"fusion-fullwidth fullwidth-box fusion-builder-row-1 nonhundred-percent-fullwidth non-hundred-percent-height-scrolling\" style=\"--awb-border-radius-top-left:0px;--awb-border-radius-top-right:0px;--awb-border-radius-bottom-right:0px;--awb-border-radius-bottom-left:0px;--awb-margin-bottom:20px;--awb-flex-wrap:wrap;\" ><div class=\"fusion-builder-row fusion-row\"><div class=\"fusion-layout-column fusion_builder_column fusion-builder-column-0 fusion_builder_column_1_1 1_1 fusion-one-full fusion-column-first fusion-column-last\" style=\"--awb-padding-bottom:0px;--awb-bg-size:cover;\"><div class=\"fusion-column-wrapper fusion-flex-column-wrapper-legacy\"><div class=\"fusion-text fusion-text-1\"><h2 style=\"text-align: center;\">ABOUT US<\/h2>\n<\/div><div class=\"fusion-text fusion-text-2\"><h5 style=\"text-align: center;\"><span style=\"color: #b5b0a1;\">About the hotel and restaurant La Romantica<\/span><\/h5>\n<\/div><div class=\"fusion-sep-clear\"><\/div><div class=\"fusion-separator\" style=\"margin-left: auto;margin-right: auto;margin-top:10px;margin-bottom:40px;width:100%;max-width:80PX;\"><div class=\"fusion-separator-border sep-single sep-solid\" style=\"--awb-height:20px;--awb-amount:20px;--awb-sep-color:#766a5e;border-color:#766a5e;border-top-width:1px;\"><\/div><\/div><div class=\"fusion-sep-clear\"><\/div><div class=\"fusion-clearfix\"><\/div><\/div><\/div><div class=\"fusion-layout-column fusion_builder_column fusion-builder-column-1 fusion_builder_column_3_5 3_5 fusion-three-fifth fusion-column-first\" style=\"--awb-padding-top:0px;--awb-padding-bottom:0px;--awb-bg-size:cover;--awb-margin-top:0px;width:60%;width:calc(60% - ( ( 4% ) * 0.6 ) );margin-right: 4%;\"><div class=\"fusion-column-wrapper fusion-flex-column-wrapper-legacy\"><div class=\"fusion-text fusion-text-3\"><p><strong>La Romantica Hotel<\/strong> will take its guests to the coast of the Mediterranean Sea. It is this landscape that served as inspiration for the wooden and sandstone interiors. Instead of the murmur of the sea, guests can listen to the rustle of the trees in adjacent \u0160t\u011bp\u00e1nka English-Style Landscaped Park, which one of the largest parks of its kind in this area. You can see the park through French windows, which are in the south-oriented rooms. The landscaped park is very popular not only for a morning jog but also for romantic strolls in the evening.<\/p>\n<\/div><div class=\"fusion-clearfix\"><\/div><\/div><\/div><div class=\"fusion-layout-column fusion_builder_column fusion-builder-column-2 fusion_builder_column_2_5 2_5 fusion-two-fifth fusion-column-last\" style=\"--awb-padding-top:0px;--awb-padding-bottom:0px;--awb-bg-size:cover;--awb-margin-top:0px;width:40%;width:calc(40% - ( ( 4% ) * 0.4 ) );\"><div class=\"fusion-column-wrapper fusion-flex-column-wrapper-legacy\"><div class=\"fusion-text fusion-text-4\"><p>The architect of the building, which was built in a former mine using local stone and the roof of which is covered with grass, is Petr Suske Doc. Ing. arch. from the SEA group (Group of Ecological Architects). <strong>A part of the hotel is embedded in a rock<\/strong>, which makes the romantic atmosphere of the hotel complete.<\/p>\n<\/div><div class=\"fusion-clearfix\"><\/div><\/div><\/div><div class=\"fusion-layout-column fusion_builder_column fusion-builder-column-3 fusion_builder_column_1_1 1_1 fusion-one-full fusion-column-first fusion-column-last\" style=\"--awb-bg-size:cover;\"><div class=\"fusion-column-wrapper fusion-flex-column-wrapper-legacy\"><ul style=\"--awb-size:16px;--awb-line-height:27.2px;--awb-icon-width:27.2px;--awb-icon-height:27.2px;--awb-icon-margin:11.2px;--awb-content-margin:38.4px;\" class=\"fusion-checklist fusion-checklist-1 fusion-checklist-default type-icons\"><li class=\"fusion-li-item\" style=\"\"><span class=\"icon-wrapper circle-no\"><i class=\"fusion-li-icon fa-envira fab\" aria-hidden=\"true\"><\/i><\/span><div class=\"fusion-li-item-content\">\n<p>The hotel offers De LUXE <strong>double rooms and single rooms<\/strong>; all of them are air-conditioned and one <strong>triple room<\/strong> with air-condition also.<\/p>\n<\/div><\/li><li class=\"fusion-li-item\" style=\"\"><span class=\"icon-wrapper circle-no\"><i class=\"fusion-li-icon fa-envira fab\" aria-hidden=\"true\"><\/i><\/span><div class=\"fusion-li-item-content\">\n<p>The hotel is the right place not only for couples wanting to enjoy a romantic holiday but also for those coming to Mlad\u00e1 Boleslav on business.<\/p>\n<\/div><\/li><li class=\"fusion-li-item\" style=\"\"><span class=\"icon-wrapper circle-no\"><i class=\"fusion-li-icon fa-envira fab\" aria-hidden=\"true\"><\/i><\/span><div class=\"fusion-li-item-content\">\n<p><strong>Breakfast<\/strong> is served in the neighbouring restaurant, which accentuates the overall style of the hotel.<\/p>\n<\/div><\/li><\/ul><div class=\"fusion-clearfix\"><\/div><\/div><\/div><\/div><\/div><div class=\"fusion-fullwidth fullwidth-box fusion-builder-row-2 nonhundred-percent-fullwidth non-hundred-percent-height-scrolling fusion-equal-height-columns\" style=\"--awb-background-position:left top;--awb-border-sizes-top:0px;--awb-border-sizes-bottom:0px;--awb-border-sizes-left:0px;--awb-border-sizes-right:0px;--awb-border-radius-top-left:0px;--awb-border-radius-top-right:0px;--awb-border-radius-bottom-right:0px;--awb-border-radius-bottom-left:0px;--awb-padding-top:0px;--awb-padding-right:0px;--awb-padding-bottom:0px;--awb-padding-left:0px;--awb-margin-top:0px;--awb-margin-bottom:0px;--awb-background-color:#2d2d2d;--awb-flex-wrap:wrap;\" ><div class=\"fusion-builder-row fusion-row\"><div class=\"fusion-layout-column fusion_builder_column fusion-builder-column-4 fusion_builder_column_1_2 1_2 fusion-one-half fusion-column-first\" style=\"--awb-padding-top:200px;--awb-padding-bottom:200px;--awb-bg-image:url(&#039;https:\/\/www.hotellaromantica.cz\/wp-content\/uploads\/2019\/02\/la-romantica-5-1024x767.jpg&#039;);--awb-bg-position:left center;--awb-bg-size:cover;--awb-margin-top:0px;--awb-margin-bottom:0px;width:50%;width:calc(50% - ( ( 0px ) * 0.5 ) );margin-right: 0px;\"><div class=\"fusion-column-wrapper fusion-flex-column-wrapper-legacy fusion-empty-column-bg-image fusion-column-has-bg-image\" data-bg-url=\"https:\/\/www.hotellaromantica.cz\/wp-content\/uploads\/2019\/02\/la-romantica-5-1024x767.jpg\"><div class=\"fusion-column-content-centered\"><div class=\"fusion-column-content\"><img decoding=\"async\" class=\"fusion-empty-dims-img-placeholder fusion-no-large-visibility\" src=\"data:image\/svg+xml,%3Csvg%20xmlns%3D%27http%3A%2F%2Fwww.w3.org%2F2000%2Fsvg%27%20width%3D%271024%27%20height%3D%27767%27%20viewBox%3D%270%200%201024%20767%27%3E%3Crect%20width%3D%271024%27%20height%3D%27767%27%20fill-opacity%3D%220%22%2F%3E%3C%2Fsvg%3E\"><\/div><\/div><div class=\"fusion-clearfix\"><\/div><\/div><\/div><div class=\"fusion-layout-column fusion_builder_column fusion-builder-column-5 fusion_builder_column_1_2 1_2 fusion-one-half fusion-column-last fusion-column-no-min-height\" style=\"--awb-padding-top:40px;--awb-padding-right:20px;--awb-padding-bottom:40px;--awb-padding-left:20px;--awb-bg-size:cover;--awb-margin-top:0px;--awb-margin-bottom:0px;width:50%;width:calc(50% - ( ( 0px ) * 0.5 ) );\"><div class=\"fusion-column-wrapper fusion-flex-column-wrapper-legacy\"><div class=\"fusion-column-content-centered\"><div class=\"fusion-column-content\"><div class=\"fusion-text fusion-text-5\"><h3 style=\"text-align: left;\">RESTAURANT<\/h3>\n<\/div><div class=\"fusion-sep-clear\"><\/div><div class=\"fusion-separator fusion-clearfix\" style=\"float:left;margin-top:0px;margin-bottom:25px;width:100%;max-width:80PX;\"><div class=\"fusion-separator-border sep-single sep-solid\" style=\"--awb-height:20px;--awb-amount:20px;--awb-sep-color:#b5b0a1;border-color:#b5b0a1;border-top-width:1px;\"><\/div><\/div><div class=\"fusion-sep-clear\"><\/div><div class=\"fusion-text fusion-text-6\"><p><strong>Restaurant Mediterran\u00e9e La Romantica<\/strong> offers a garden terrace in summer and winter sitting by the fireplace burning.<\/p>\n<p>The contact person is Mr. Ji\u0159\u00ed \u0158\u00edha. You can contact on telephone number +420 326 734 056 or email address <a href=\"mailto:laromanticamb@seznam.cz\">laromanticamb@seznam.cz<\/a><\/p>\n<\/div><div class=\"fusion-alignleft\"><a class=\"fusion-button button-flat button-small button-custom fusion-button-default button-1 fusion-button-default-span fusion-button-default-type\" style=\"--button_accent_color:#b9afa1;--button_border_color:#b9afa1;--button_accent_hover_color:#ddc49a;--button_border_hover_color:#ddc49a;--button_border_width-top:1px;--button_border_width-right:1px;--button_border_width-bottom:1px;--button_border_width-left:1px;--button_gradient_top_color:rgba(255,255,255,0);--button_gradient_bottom_color:rgba(255,255,255,0);--button_gradient_top_color_hover:rgba(255,255,255,0);--button_gradient_bottom_color_hover:rgba(255,255,255,0);\" target=\"_self\" href=\"\/en\/restaurant\/\"><span class=\"fusion-button-text\">MORE ABOUT RESTAURANT<\/span><\/a><\/div><\/div><\/div><div class=\"fusion-clearfix\"><\/div><\/div><\/div><\/div><\/div><div class=\"fusion-fullwidth fullwidth-box fusion-builder-row-3 nonhundred-percent-fullwidth non-hundred-percent-height-scrolling fusion-equal-height-columns\" style=\"--awb-background-position:left top;--awb-border-sizes-top:0px;--awb-border-sizes-bottom:0px;--awb-border-sizes-left:0px;--awb-border-sizes-right:0px;--awb-border-radius-top-left:0px;--awb-border-radius-top-right:0px;--awb-border-radius-bottom-right:0px;--awb-border-radius-bottom-left:0px;--awb-padding-top:0px;--awb-padding-right:0px;--awb-padding-bottom:0px;--awb-padding-left:0px;--awb-margin-top:0px;--awb-margin-bottom:0px;--awb-background-color:#2d2d2d;--awb-flex-wrap:wrap;\" ><div class=\"fusion-builder-row fusion-row\"><div class=\"fusion-layout-column fusion_builder_column fusion-builder-column-6 fusion_builder_column_1_2 1_2 fusion-one-half fusion-column-first fusion-column-no-min-height\" style=\"--awb-padding-top:20px;--awb-padding-right:20px;--awb-padding-left:20px;--awb-bg-size:cover;--awb-margin-top:0px;--awb-margin-bottom:0px;width:50%;width:calc(50% - ( ( 0px ) * 0.5 ) );margin-right: 0px;\"><div class=\"fusion-column-wrapper fusion-flex-column-wrapper-legacy\"><div class=\"fusion-column-content-centered\"><div class=\"fusion-column-content\"><div class=\"fusion-text fusion-text-7\"><h3 style=\"text-align: left;\">FOREST PARK STEPANKA<\/h3>\n<\/div><div class=\"fusion-sep-clear\"><\/div><div class=\"fusion-separator fusion-clearfix\" style=\"float:left;margin-top:0px;margin-bottom:25px;width:100%;max-width:80PX;\"><div class=\"fusion-separator-border sep-single sep-solid\" style=\"--awb-height:20px;--awb-amount:20px;--awb-sep-color:#b5b0a1;border-color:#b5b0a1;border-top-width:1px;\"><\/div><\/div><div class=\"fusion-sep-clear\"><\/div><div class=\"fusion-text fusion-text-8\"><p>The Restaurant facing Stepanka Forest Park, which offers wide range of sport activities. Guests can take an advantage of several jogging tracks.<\/p>\n<p>Stepanka Forest Park is a vast complex of vegetation, playgrounds and sport activities (volleyball,tennis, etc.). Beautiful and spacious park was founded in 1881 along the river Klenice. It was named in honor of the betrothal of successor to the Austro-Hungarian throne, and a member of the Mlada Boleslav garrison, Rudolf von Habsburg and Princess Stephanie of Belgium- Stepanka.<\/p>\n<\/div><\/div><\/div><div class=\"fusion-clearfix\"><\/div><\/div><\/div><div class=\"fusion-layout-column fusion_builder_column fusion-builder-column-7 fusion_builder_column_1_2 1_2 fusion-one-half fusion-column-last\" style=\"--awb-padding-top:200px;--awb-padding-bottom:200px;--awb-bg-image:url(&#039;https:\/\/www.hotellaromantica.cz\/wp-content\/uploads\/2019\/02\/la-romantica-31-1024x683.jpg&#039;);--awb-bg-position:left center;--awb-bg-size:cover;--awb-margin-top:0px;--awb-margin-bottom:0px;width:50%;width:calc(50% - ( ( 0px ) * 0.5 ) );\"><div class=\"fusion-column-wrapper fusion-flex-column-wrapper-legacy fusion-empty-column-bg-image fusion-column-has-bg-image\" data-bg-url=\"https:\/\/www.hotellaromantica.cz\/wp-content\/uploads\/2019\/02\/la-romantica-31-1024x683.jpg\"><div class=\"fusion-column-content-centered\"><div class=\"fusion-column-content\"><img decoding=\"async\" class=\"fusion-empty-dims-img-placeholder fusion-no-large-visibility\" src=\"data:image\/svg+xml,%3Csvg%20xmlns%3D%27http%3A%2F%2Fwww.w3.org%2F2000%2Fsvg%27%20width%3D%271024%27%20height%3D%27683%27%20viewBox%3D%270%200%201024%20683%27%3E%3Crect%20width%3D%271024%27%20height%3D%27683%27%20fill-opacity%3D%220%22%2F%3E%3C%2Fsvg%3E\"><\/div><\/div><div class=\"fusion-clearfix\"><\/div><\/div><\/div><\/div><\/div><div class=\"fusion-fullwidth fullwidth-box fusion-builder-row-4 nonhundred-percent-fullwidth non-hundred-percent-height-scrolling fusion-equal-height-columns\" style=\"--awb-background-position:left top;--awb-border-sizes-top:0px;--awb-border-sizes-bottom:0px;--awb-border-sizes-left:0px;--awb-border-sizes-right:0px;--awb-border-radius-top-left:0px;--awb-border-radius-top-right:0px;--awb-border-radius-bottom-right:0px;--awb-border-radius-bottom-left:0px;--awb-padding-top:80px;--awb-padding-bottom:0px;--awb-flex-wrap:wrap;\" ><div class=\"fusion-builder-row fusion-row\"><div class=\"fusion-layout-column fusion_builder_column fusion-builder-column-8 fusion_builder_column_1_1 1_1 fusion-one-full fusion-column-first fusion-column-last fusion-column-no-min-height\" style=\"--awb-bg-size:cover;--awb-margin-top:0px;--awb-margin-bottom:0px;\"><div class=\"fusion-column-wrapper fusion-flex-column-wrapper-legacy\"><div class=\"fusion-column-content-centered\"><div class=\"fusion-column-content\"><div class=\"fusion-text fusion-text-9\"><h3 style=\"text-align: center;\">WHERE TO FIND US<\/h3>\n<\/div><div class=\"fusion-text fusion-text-10\"><h5 style=\"text-align: center;\"><span style=\"color: #b9afa1;\">Hotel &amp; Restaurant<\/span><\/h5>\n<\/div><div class=\"fusion-sep-clear\"><\/div><div class=\"fusion-separator\" style=\"margin-left: auto;margin-right: auto;margin-top:10px;margin-bottom:40px;width:100%;max-width:80PX;\"><div class=\"fusion-separator-border sep-single sep-solid\" style=\"--awb-height:20px;--awb-amount:20px;--awb-sep-color:#766a5e;border-color:#766a5e;border-top-width:1px;\"><\/div><\/div><div class=\"fusion-sep-clear\"><\/div><div class=\"fusion-text fusion-text-11\"><p style=\"text-align: center;\"><strong>The hotel La Romantica Mlada Boleslav<\/strong>\u00a0is situated in a quiet part of city overlooking the park Stepanka, where the potential for different sports.<br \/>\nThe hotel is located\u00a0<strong>5 minutes walk from the center<\/strong>\u00a0and the historical part of the city. The highway R10 ( Praha \u2013 Liberec ) is just 5 minutes by car.<\/p>\n<\/div><\/div><\/div><div class=\"fusion-clearfix\"><\/div><\/div><\/div><\/div><\/div><div class=\"fusion-fullwidth fullwidth-box fusion-builder-row-5 hundred-percent-fullwidth non-hundred-percent-height-scrolling fusion-equal-height-columns\" style=\"--awb-background-position:left top;--awb-border-sizes-top:0px;--awb-border-sizes-bottom:0px;--awb-border-sizes-left:0px;--awb-border-sizes-right:0px;--awb-border-radius-top-left:0px;--awb-border-radius-top-right:0px;--awb-border-radius-bottom-right:0px;--awb-border-radius-bottom-left:0px;--awb-padding-top:0px;--awb-padding-right:0px;--awb-padding-bottom:0px;--awb-padding-left:0px;--awb-margin-top:20px;--awb-margin-bottom:0px;--awb-background-color:#2d2d2d;--awb-flex-wrap:wrap;\" ><div class=\"fusion-builder-row fusion-row\"><div class=\"fusion-layout-column fusion_builder_column fusion-builder-column-9 fusion_builder_column_1_1 1_1 fusion-one-full fusion-column-first fusion-column-last fusion-column-no-min-height\" style=\"--awb-bg-blend:overlay;--awb-bg-size:cover;--awb-margin-top:0px;--awb-margin-bottom:0px;\"><div class=\"fusion-column-wrapper fusion-flex-column-wrapper-legacy\"><a class=\"fusion-modal-text-link\" href=\"#\"><iframe style=\"border: 0;\" src=\"https:\/\/www.google.com\/maps\/embed?pb=!1m18!1m12!1m3!1d2542.5810369268806!2d14.9071020160545!3d50.41164517947004!2m3!1f0!2f0!3f0!3m2!1i1024!2i768!4f13.1!3m3!1m2!1s0x470955bc67e47823%3A0xfd02da86cca0323a!2sHotel+a+restaurant+La+Romantica!5e0!3m2!1scs!2scz!4v1551173103240\" width=\"100%\" height=\"600\" frameborder=\"0\" allowfullscreen=\"allowfullscreen\"><\/iframe><\/a><div class=\"fusion-clearfix\"><\/div><\/div><\/div><\/div><\/div>\n<\/p>\n","protected":false},"excerpt":{"rendered":"","protected":false},"author":1,"featured_media":0,"parent":0,"menu_order":0,"comment_status":"closed","ping_status":"closed","template":"100-width.php","meta":{"_exactmetrics_skip_tracking":false,"_exactmetrics_sitenote_active":false,"_exactmetrics_sitenote_note":"","_exactmetrics_sitenote_category":0,"footnotes":""},"class_list":["post-1693","page","type-page","status-publish","hentry"],"yoast_head":"<!-- This site is optimized with the Yoast SEO plugin v26.0 - https:\/\/yoast.com\/wordpress\/plugins\/seo\/ -->\n<title>About us - Hotel La Romantica ubytov\u00e1n\u00ed Mlad\u00e1 Boleslav<\/title>\n<meta name=\"description\" content=\"Hotel La Romantica Mlad\u00e1 Boleslav disponuje dvoul\u016f\u017ekov\u00fdmi, jednol\u016f\u017ekov\u00fdmi pokoji a jedn\u00edm t\u0159\u00edl\u016f\u017ekov\u00fdm pokojem s klimatizac\u00ed. Nab\u00edz\u00ed parkovi\u0161t\u011b, restauraci a kr\u00e1sn\u00e9 okol\u00ed lesoparku.\" \/>\n<meta name=\"robots\" content=\"index, follow, max-snippet:-1, max-image-preview:large, max-video-preview:-1\" \/>\n<link rel=\"canonical\" href=\"https:\/\/www.hotellaromantica.cz\/en\/about-us\/\" \/>\n<meta property=\"og:locale\" content=\"en_US\" \/>\n<meta property=\"og:type\" content=\"article\" \/>\n<meta property=\"og:title\" content=\"About us - Hotel La Romantica ubytov\u00e1n\u00ed Mlad\u00e1 Boleslav\" \/>\n<meta property=\"og:description\" content=\"Hotel La Romantica Mlad\u00e1 Boleslav disponuje dvoul\u016f\u017ekov\u00fdmi a jednol\u016f\u017ekov\u00fdmi pokoji. Nab\u00edz\u00ed parkovi\u0161t\u011b, restauraci, saunu s baz\u00e9nkem a kr\u00e1sn\u00e9 okol\u00ed lesoparku.\" \/>\n<meta property=\"og:url\" content=\"https:\/\/www.hotellaromantica.cz\/en\/about-us\/\" \/>\n<meta property=\"og:site_name\" content=\"Hotel La Romantica\" \/>\n<meta property=\"article:publisher\" content=\"https:\/\/www.facebook.com\/hotellaromantica\/\" \/>\n<meta property=\"article:modified_time\" content=\"2026-01-14T10:34:57+00:00\" \/>\n<meta name=\"twitter:card\" content=\"summary_large_image\" \/>\n<meta name=\"twitter:label1\" content=\"Est. reading time\" \/>\n\t<meta name=\"twitter:data1\" content=\"3 minutes\" \/>\n<script type=\"application\/ld+json\" class=\"yoast-schema-graph\">{\"@context\":\"https:\/\/schema.org\",\"@graph\":[{\"@type\":\"WebPage\",\"@id\":\"https:\/\/www.hotellaromantica.cz\/en\/about-us\/\",\"url\":\"https:\/\/www.hotellaromantica.cz\/en\/about-us\/\",\"name\":\"About us - Hotel La Romantica ubytov\u00e1n\u00ed Mlad\u00e1 Boleslav\",\"isPartOf\":{\"@id\":\"https:\/\/www.hotellaromantica.cz\/#website\"},\"datePublished\":\"2019-02-20T20:24:26+00:00\",\"dateModified\":\"2026-01-14T10:34:57+00:00\",\"description\":\"Hotel La Romantica Mlad\u00e1 Boleslav disponuje dvoul\u016f\u017ekov\u00fdmi, jednol\u016f\u017ekov\u00fdmi pokoji a jedn\u00edm t\u0159\u00edl\u016f\u017ekov\u00fdm pokojem s klimatizac\u00ed. Nab\u00edz\u00ed parkovi\u0161t\u011b, restauraci a kr\u00e1sn\u00e9 okol\u00ed lesoparku.\",\"breadcrumb\":{\"@id\":\"https:\/\/www.hotellaromantica.cz\/en\/about-us\/#breadcrumb\"},\"inLanguage\":\"en-US\",\"potentialAction\":[{\"@type\":\"ReadAction\",\"target\":[\"https:\/\/www.hotellaromantica.cz\/en\/about-us\/\"]}]},{\"@type\":\"BreadcrumbList\",\"@id\":\"https:\/\/www.hotellaromantica.cz\/en\/about-us\/#breadcrumb\",\"itemListElement\":[{\"@type\":\"ListItem\",\"position\":1,\"name\":\"Dom\u016f\",\"item\":\"https:\/\/www.hotellaromantica.cz\/en\/\"},{\"@type\":\"ListItem\",\"position\":2,\"name\":\"About us\"}]},{\"@type\":\"WebSite\",\"@id\":\"https:\/\/www.hotellaromantica.cz\/#website\",\"url\":\"https:\/\/www.hotellaromantica.cz\/\",\"name\":\"Hotel La Romantica\",\"description\":\"Ubytov\u00e1n\u00ed Mlad\u00e1 Boleslav\",\"publisher\":{\"@id\":\"https:\/\/www.hotellaromantica.cz\/#organization\"},\"potentialAction\":[{\"@type\":\"SearchAction\",\"target\":{\"@type\":\"EntryPoint\",\"urlTemplate\":\"https:\/\/www.hotellaromantica.cz\/?s={search_term_string}\"},\"query-input\":{\"@type\":\"PropertyValueSpecification\",\"valueRequired\":true,\"valueName\":\"search_term_string\"}}],\"inLanguage\":\"en-US\"},{\"@type\":\"Organization\",\"@id\":\"https:\/\/www.hotellaromantica.cz\/#organization\",\"name\":\"Hotel La Romantica\",\"url\":\"https:\/\/www.hotellaromantica.cz\/\",\"logo\":{\"@type\":\"ImageObject\",\"inLanguage\":\"en-US\",\"@id\":\"https:\/\/www.hotellaromantica.cz\/#\/schema\/logo\/image\/\",\"url\":\"https:\/\/www.hotellaromantica.cz\/wp-content\/uploads\/2019\/03\/hotellaromantica.jpg\",\"contentUrl\":\"https:\/\/www.hotellaromantica.cz\/wp-content\/uploads\/2019\/03\/hotellaromantica.jpg\",\"width\":1200,\"height\":628,\"caption\":\"Hotel La Romantica\"},\"image\":{\"@id\":\"https:\/\/www.hotellaromantica.cz\/#\/schema\/logo\/image\/\"},\"sameAs\":[\"https:\/\/www.facebook.com\/hotellaromantica\/\"]}]}<\/script>\n<!-- \/ Yoast SEO plugin. -->","yoast_head_json":{"title":"About us - Hotel La Romantica ubytov\u00e1n\u00ed Mlad\u00e1 Boleslav","description":"Hotel La Romantica Mlad\u00e1 Boleslav disponuje dvoul\u016f\u017ekov\u00fdmi, jednol\u016f\u017ekov\u00fdmi pokoji a jedn\u00edm t\u0159\u00edl\u016f\u017ekov\u00fdm pokojem s klimatizac\u00ed. Nab\u00edz\u00ed parkovi\u0161t\u011b, restauraci a kr\u00e1sn\u00e9 okol\u00ed lesoparku.","robots":{"index":"index","follow":"follow","max-snippet":"max-snippet:-1","max-image-preview":"max-image-preview:large","max-video-preview":"max-video-preview:-1"},"canonical":"https:\/\/www.hotellaromantica.cz\/en\/about-us\/","og_locale":"en_US","og_type":"article","og_title":"About us - Hotel La Romantica ubytov\u00e1n\u00ed Mlad\u00e1 Boleslav","og_description":"Hotel La Romantica Mlad\u00e1 Boleslav disponuje dvoul\u016f\u017ekov\u00fdmi a jednol\u016f\u017ekov\u00fdmi pokoji. Nab\u00edz\u00ed parkovi\u0161t\u011b, restauraci, saunu s baz\u00e9nkem a kr\u00e1sn\u00e9 okol\u00ed lesoparku.","og_url":"https:\/\/www.hotellaromantica.cz\/en\/about-us\/","og_site_name":"Hotel La Romantica","article_publisher":"https:\/\/www.facebook.com\/hotellaromantica\/","article_modified_time":"2026-01-14T10:34:57+00:00","twitter_card":"summary_large_image","twitter_misc":{"Est. reading time":"3 minutes"},"schema":{"@context":"https:\/\/schema.org","@graph":[{"@type":"WebPage","@id":"https:\/\/www.hotellaromantica.cz\/en\/about-us\/","url":"https:\/\/www.hotellaromantica.cz\/en\/about-us\/","name":"About us - Hotel La Romantica ubytov\u00e1n\u00ed Mlad\u00e1 Boleslav","isPartOf":{"@id":"https:\/\/www.hotellaromantica.cz\/#website"},"datePublished":"2019-02-20T20:24:26+00:00","dateModified":"2026-01-14T10:34:57+00:00","description":"Hotel La Romantica Mlad\u00e1 Boleslav disponuje dvoul\u016f\u017ekov\u00fdmi, jednol\u016f\u017ekov\u00fdmi pokoji a jedn\u00edm t\u0159\u00edl\u016f\u017ekov\u00fdm pokojem s klimatizac\u00ed. Nab\u00edz\u00ed parkovi\u0161t\u011b, restauraci a kr\u00e1sn\u00e9 okol\u00ed lesoparku.","breadcrumb":{"@id":"https:\/\/www.hotellaromantica.cz\/en\/about-us\/#breadcrumb"},"inLanguage":"en-US","potentialAction":[{"@type":"ReadAction","target":["https:\/\/www.hotellaromantica.cz\/en\/about-us\/"]}]},{"@type":"BreadcrumbList","@id":"https:\/\/www.hotellaromantica.cz\/en\/about-us\/#breadcrumb","itemListElement":[{"@type":"ListItem","position":1,"name":"Dom\u016f","item":"https:\/\/www.hotellaromantica.cz\/en\/"},{"@type":"ListItem","position":2,"name":"About us"}]},{"@type":"WebSite","@id":"https:\/\/www.hotellaromantica.cz\/#website","url":"https:\/\/www.hotellaromantica.cz\/","name":"Hotel La Romantica","description":"Ubytov\u00e1n\u00ed Mlad\u00e1 Boleslav","publisher":{"@id":"https:\/\/www.hotellaromantica.cz\/#organization"},"potentialAction":[{"@type":"SearchAction","target":{"@type":"EntryPoint","urlTemplate":"https:\/\/www.hotellaromantica.cz\/?s={search_term_string}"},"query-input":{"@type":"PropertyValueSpecification","valueRequired":true,"valueName":"search_term_string"}}],"inLanguage":"en-US"},{"@type":"Organization","@id":"https:\/\/www.hotellaromantica.cz\/#organization","name":"Hotel La Romantica","url":"https:\/\/www.hotellaromantica.cz\/","logo":{"@type":"ImageObject","inLanguage":"en-US","@id":"https:\/\/www.hotellaromantica.cz\/#\/schema\/logo\/image\/","url":"https:\/\/www.hotellaromantica.cz\/wp-content\/uploads\/2019\/03\/hotellaromantica.jpg","contentUrl":"https:\/\/www.hotellaromantica.cz\/wp-content\/uploads\/2019\/03\/hotellaromantica.jpg","width":1200,"height":628,"caption":"Hotel La Romantica"},"image":{"@id":"https:\/\/www.hotellaromantica.cz\/#\/schema\/logo\/image\/"},"sameAs":["https:\/\/www.facebook.com\/hotellaromantica\/"]}]}},"_links":{"self":[{"href":"https:\/\/www.hotellaromantica.cz\/en\/wp-json\/wp\/v2\/pages\/1693","targetHints":{"allow":["GET"]}}],"collection":[{"href":"https:\/\/www.hotellaromantica.cz\/en\/wp-json\/wp\/v2\/pages"}],"about":[{"href":"https:\/\/www.hotellaromantica.cz\/en\/wp-json\/wp\/v2\/types\/page"}],"author":[{"embeddable":true,"href":"https:\/\/www.hotellaromantica.cz\/en\/wp-json\/wp\/v2\/users\/1"}],"replies":[{"embeddable":true,"href":"https:\/\/www.hotellaromantica.cz\/en\/wp-json\/wp\/v2\/comments?post=1693"}],"version-history":[{"count":14,"href":"https:\/\/www.hotellaromantica.cz\/en\/wp-json\/wp\/v2\/pages\/1693\/revisions"}],"predecessor-version":[{"id":2129,"href":"https:\/\/www.hotellaromantica.cz\/en\/wp-json\/wp\/v2\/pages\/1693\/revisions\/2129"}],"wp:attachment":[{"href":"https:\/\/www.hotellaromantica.cz\/en\/wp-json\/wp\/v2\/media?parent=1693"}],"curies":[{"name":"wp","href":"https:\/\/api.w.org\/{rel}","templated":true}]}}