{"id":1755,"date":"2019-02-20T20:26:35","date_gmt":"2019-02-20T20:26:35","guid":{"rendered":"https:\/\/www.hotellaromantica.cz\/rezervace\/"},"modified":"2019-03-19T20:32:44","modified_gmt":"2019-03-19T20:32:44","slug":"reservation","status":"publish","type":"page","link":"https:\/\/www.hotellaromantica.cz\/en\/reservation\/","title":{"rendered":"Reservation"},"content":{"rendered":"<p><div class=\"fusion-fullwidth fullwidth-box fusion-builder-row-1 nonhundred-percent-fullwidth non-hundred-percent-height-scrolling\" style=\"--awb-background-position:left top;--awb-border-radius-top-left:0px;--awb-border-radius-top-right:0px;--awb-border-radius-bottom-right:0px;--awb-border-radius-bottom-left:0px;--awb-border-sizes-top:0px;--awb-border-sizes-bottom:0px;--awb-flex-wrap:wrap;\" ><div class=\"fusion-builder-row fusion-row\"><div class=\"fusion-layout-column fusion_builder_column fusion-builder-column-0 fusion_builder_column_1_1 1_1 fusion-one-full fusion-column-first fusion-column-last fusion-column-no-min-height\" style=\"--awb-bg-size:cover;--awb-margin-top:0px;--awb-margin-bottom:0px;\"><div class=\"fusion-column-wrapper fusion-flex-column-wrapper-legacy\"><div class=\"fusion-column-content-centered\"><div class=\"fusion-column-content\"><div class=\"fusion-text fusion-text-1\"><h2 style=\"text-align: center;\">RESERVATION<\/h2>\n<\/div><div class=\"fusion-text fusion-text-2\"><h5 style=\"text-align: center;\"><span style=\"color: #b5b0a1;\">Rooms are stylishly furnished and provide quiet relax.<\/span><\/h5>\n<\/div><div class=\"fusion-sep-clear\"><\/div><div class=\"fusion-separator\" style=\"margin-left: auto;margin-right: auto;margin-top:10px;margin-bottom:40px;width:100%;max-width:80PX;\"><div class=\"fusion-separator-border sep-single sep-solid\" style=\"--awb-height:20px;--awb-amount:20px;--awb-sep-color:#766a5e;border-color:#766a5e;border-top-width:1px;\"><\/div><\/div><div class=\"fusion-sep-clear\"><\/div><\/div><\/div><div class=\"fusion-clearfix\"><\/div><\/div><\/div><\/div><\/div><div class=\"fusion-fullwidth fullwidth-box fusion-builder-row-2 nonhundred-percent-fullwidth non-hundred-percent-height-scrolling\" style=\"--awb-background-position:left top;--awb-border-radius-top-left:0px;--awb-border-radius-top-right:0px;--awb-border-radius-bottom-right:0px;--awb-border-radius-bottom-left:0px;--awb-padding-right:0px;--awb-padding-left:0px;--awb-border-sizes-top:0px;--awb-border-sizes-bottom:0px;--awb-flex-wrap:wrap;\" ><div class=\"fusion-builder-row fusion-row\"><div class=\"fusion-layout-column fusion_builder_column fusion-builder-column-1 fusion_builder_column_4_5 4_5 fusion-four-fifth fusion-column-first fusion-column-no-min-height\" style=\"--awb-bg-size:cover;--awb-margin-top:0px;--awb-margin-bottom:0px;width:79.2%; margin-right: 4%;\"><div class=\"fusion-column-wrapper fusion-flex-column-wrapper-legacy\"><div class=\"fusion-column-content-centered\"><div class=\"fusion-column-content\"><div class=\"fusion-text fusion-text-3\">\n<div class=\"wpcf7 no-js\" id=\"wpcf7-f1760-o1\" lang=\"cs-CZ\" dir=\"ltr\" data-wpcf7-id=\"1760\">\n<div class=\"screen-reader-response\"><p role=\"status\" aria-live=\"polite\" aria-atomic=\"true\"><\/p> <ul><\/ul><\/div>\n<form action=\"\/en\/wp-json\/wp\/v2\/pages\/1755#wpcf7-f1760-o1\" method=\"post\" class=\"wpcf7-form init\" aria-label=\"Kontaktn\u00ed formul\u00e1\u0159\" novalidate=\"novalidate\" data-status=\"init\">\n<fieldset class=\"hidden-fields-container\"><input type=\"hidden\" name=\"_wpcf7\" value=\"1760\" \/><input type=\"hidden\" name=\"_wpcf7_version\" value=\"6.1.2\" \/><input type=\"hidden\" name=\"_wpcf7_locale\" value=\"cs_CZ\" \/><input type=\"hidden\" name=\"_wpcf7_unit_tag\" value=\"wpcf7-f1760-o1\" \/><input type=\"hidden\" name=\"_wpcf7_container_post\" value=\"0\" \/><input type=\"hidden\" name=\"_wpcf7_posted_data_hash\" value=\"\" \/>\n<\/fieldset>\n<table style=\"width:100%; border-collapse: separate; border-spacing: 10px;\">\n\t<tr>\n\t\t<td style=\"text-align:right\">\n\t\t\t<p><label for=\"your-name\">Name and surname*<\/label>\n\t\t\t<\/p>\n\t\t<\/td>\n\t\t<td colspan=\"3\">\n\t\t\t<p><span class=\"wpcf7-form-control-wrap\" data-name=\"your-name\"><input size=\"40\" maxlength=\"400\" class=\"wpcf7-form-control wpcf7-text wpcf7-validates-as-required\" id=\"your-name\" aria-required=\"true\" aria-invalid=\"false\" value=\"\" type=\"text\" name=\"your-name\" \/><\/span>\n\t\t\t<\/p>\n\t\t<\/td>\n\t<\/tr>\n\t<tr>\n\t\t<td style=\"text-align:right\">\n\t\t\t<p><label for=\"your-email\">E-mail*<\/label>\n\t\t\t<\/p>\n\t\t<\/td>\n\t\t<td colspan=\"3\">\n\t\t\t<p><span class=\"wpcf7-form-control-wrap\" data-name=\"your-email\"><input size=\"40\" maxlength=\"400\" class=\"wpcf7-form-control wpcf7-email wpcf7-validates-as-required wpcf7-text wpcf7-validates-as-email\" id=\"your-email\" aria-required=\"true\" aria-invalid=\"false\" value=\"\" type=\"email\" name=\"your-email\" \/><\/span>\n\t\t\t<\/p>\n\t\t<\/td>\n\t<\/tr>\n\t<tr>\n\t\t<td style=\"text-align:right\">\n\t\t\t<p><label for=\"your-tel\">Phone*<\/label>\n\t\t\t<\/p>\n\t\t<\/td>\n\t\t<td colspan=\"3\">\n\t\t\t<p><span class=\"wpcf7-form-control-wrap\" data-name=\"your-tel\"><input size=\"40\" maxlength=\"400\" class=\"wpcf7-form-control wpcf7-tel wpcf7-validates-as-required wpcf7-text wpcf7-validates-as-tel\" id=\"your-tel\" aria-required=\"true\" aria-invalid=\"false\" value=\"\" type=\"tel\" name=\"your-tel\" \/><\/span>\n\t\t\t<\/p>\n\t\t<\/td>\n\t<\/tr>\n\t<tr>\n\t\t<td style=\"text-align:right\">\n\t\t\t<p><label for=\"your-company\">Company<\/label>\n\t\t\t<\/p>\n\t\t<\/td>\n\t\t<td colspan=\"3\">\n\t\t\t<p><span class=\"wpcf7-form-control-wrap\" data-name=\"your-company\"><input size=\"40\" maxlength=\"400\" class=\"wpcf7-form-control wpcf7-text\" id=\"your-company\" aria-invalid=\"false\" value=\"\" type=\"text\" name=\"your-company\" \/><\/span>\n\t\t\t<\/p>\n\t\t<\/td>\n\t<\/tr>\n\t<tr>\n\t\t<td style=\"text-align:right\">\n\t\t\t<p><label for=\"your-adress\">Street, City<\/label>\n\t\t\t<\/p>\n\t\t<\/td>\n\t\t<td colspan=\"3\">\n\t\t\t<p><span class=\"wpcf7-form-control-wrap\" data-name=\"your-adress\"><input size=\"40\" maxlength=\"400\" class=\"wpcf7-form-control wpcf7-text\" id=\"your-adress\" aria-invalid=\"false\" value=\"\" type=\"text\" name=\"your-adress\" \/><\/span>\n\t\t\t<\/p>\n\t\t<\/td>\n\t<\/tr>\n\t<tr>\n\t\t<td style=\"text-align:right\">\n\t\t\t<p><strong>Choice of rooms<\/strong>\n\t\t\t<\/p>\n\t\t<\/td>\n\t\t<td colspan=\"3\">\n\t\t<\/td>\n\t<\/tr>\n\t<tr>\n\t\t<td style=\"text-align:right\">\n\t\t\t<p><label for=\"one-rooms-count\">Single room<\/label>\n\t\t\t<\/p>\n\t\t<\/td>\n\t\t<td>\n\t\t\t<p><span class=\"wpcf7-form-control-wrap\" data-name=\"one-rooms-count\"><input class=\"wpcf7-form-control wpcf7-number wpcf7-validates-as-required wpcf7-validates-as-number\" id=\"one-rooms-count\" min=\"0\" aria-required=\"true\" aria-invalid=\"false\" value=\"0\" type=\"number\" name=\"one-rooms-count\" \/><\/span>\n\t\t\t<\/p>\n\t\t<\/td>\n\t\t<td style=\"text-align:right\">\n\t\t\t<p><label for=\"one-rooms-count-person\">Number of people<\/label>\n\t\t\t<\/p>\n\t\t<\/td>\n\t\t<td>\n\t\t\t<p><span class=\"wpcf7-form-control-wrap\" data-name=\"one-rooms-count-person\"><input class=\"wpcf7-form-control wpcf7-number wpcf7-validates-as-required wpcf7-validates-as-number\" id=\"one-rooms-count-person\" min=\"0\" aria-required=\"true\" aria-invalid=\"false\" value=\"0\" type=\"number\" name=\"one-rooms-count-person\" \/><\/span>\n\t\t\t<\/p>\n\t\t<\/td>\n\t<\/tr>\n\t<tr>\n\t\t<td style=\"text-align:right\">\n\t\t\t<p><label for=\"double-rooms-count\">Double room<\/label>\n\t\t\t<\/p>\n\t\t<\/td>\n\t\t<td>\n\t\t\t<p><span class=\"wpcf7-form-control-wrap\" data-name=\"double-rooms-count\"><input class=\"wpcf7-form-control wpcf7-number wpcf7-validates-as-required wpcf7-validates-as-number\" id=\"double-rooms-count\" min=\"0\" aria-required=\"true\" aria-invalid=\"false\" value=\"0\" type=\"number\" name=\"double-rooms-count\" \/><\/span>\n\t\t\t<\/p>\n\t\t<\/td>\n\t\t<td style=\"text-align:right\">\n\t\t\t<p><label for=\"double-rooms-count-person\">Number of people<\/label>\n\t\t\t<\/p>\n\t\t<\/td>\n\t\t<td>\n\t\t\t<p><span class=\"wpcf7-form-control-wrap\" data-name=\"double-rooms-count-person\"><input class=\"wpcf7-form-control wpcf7-number wpcf7-validates-as-required wpcf7-validates-as-number\" id=\"double-rooms-count-person\" min=\"0\" aria-required=\"true\" aria-invalid=\"false\" value=\"0\" type=\"number\" name=\"double-rooms-count-person\" \/><\/span>\n\t\t\t<\/p>\n\t\t<\/td>\n\t<\/tr>\n\t<tr>\n\t\t<td style=\"text-align:right\">\n\t\t\t<p><label for=\"triple-rooms-count\">Triple room<\/label>\n\t\t\t<\/p>\n\t\t<\/td>\n\t\t<td>\n\t\t\t<p><span class=\"wpcf7-form-control-wrap\" data-name=\"triple-rooms-count\"><input class=\"wpcf7-form-control wpcf7-number wpcf7-validates-as-required wpcf7-validates-as-number\" id=\"triple-rooms-count\" min=\"0\" aria-required=\"true\" aria-invalid=\"false\" value=\"0\" type=\"number\" name=\"triple-rooms-count\" \/><\/span>\n\t\t\t<\/p>\n\t\t<\/td>\n\t\t<td style=\"text-align:right\">\n\t\t\t<p><label for=\"triple-rooms-count-person\">Number of people<\/label>\n\t\t\t<\/p>\n\t\t<\/td>\n\t\t<td>\n\t\t\t<p><span class=\"wpcf7-form-control-wrap\" data-name=\"triple-rooms-count-person\"><input class=\"wpcf7-form-control wpcf7-number wpcf7-validates-as-required wpcf7-validates-as-number\" id=\"triple-rooms-count-person\" min=\"0\" aria-required=\"true\" aria-invalid=\"false\" value=\"0\" type=\"number\" name=\"triple-rooms-count-person\" \/><\/span>\n\t\t\t<\/p>\n\t\t<\/td>\n\t<\/tr>\n\t<tr>\n\t\t<td style=\"text-align:right\">\n\t\t\t<p><strong>Optional Items<\/strong>\n\t\t\t<\/p>\n\t\t<\/td>\n\t\t<td colspan=\"3\">\n\t\t<\/td>\n\t<\/tr>\n\t<tr>\n\t\t<td style=\"text-align:right\">\n\t\t\t<p>Optional\n\t\t\t<\/p>\n\t\t<\/td>\n\t\t<td colspan=\"3\">\n\t\t\t<p><span class=\"wpcf7-form-control-wrap\" data-name=\"snidane\"><span class=\"wpcf7-form-control wpcf7-checkbox\"><span class=\"wpcf7-list-item first last\"><label><input type=\"checkbox\" name=\"snidane[]\" value=\"Breakfast\" \/><span class=\"wpcf7-list-item-label\">Breakfast<\/span><\/label><\/span><\/span><\/span>\n\t\t\t<\/p>\n\t\t<\/td>\n\t<\/tr>\n\t<tr>\n\t\t<td style=\"text-align:right\">\n\t\t\t<p><strong>Arrival and Departure<\/strong>\n\t\t\t<\/p>\n\t\t<\/td>\n\t\t<td colspan=\"3\">\n\t\t<\/td>\n\t<\/tr>\n\t<tr>\n\t\t<td style=\"text-align:right\">\n\t\t\t<p>Arrival*\n\t\t\t<\/p>\n\t\t<\/td>\n\t\t<td>\n\t\t\t<p><span class=\"wpcf7-form-control-wrap\" data-name=\"prijezd\"><input class=\"wpcf7-form-control wpcf7-date wpcf7-validates-as-required wpcf7-validates-as-date\" aria-required=\"true\" aria-invalid=\"false\" value=\"\" type=\"date\" name=\"prijezd\" \/><\/span>\n\t\t\t<\/p>\n\t\t<\/td>\n\t\t<td style=\"text-align:right\">\n\t\t\t<p>Departure*\n\t\t\t<\/p>\n\t\t<\/td>\n\t\t<td>\n\t\t\t<p><span class=\"wpcf7-form-control-wrap\" data-name=\"odjezd\"><input class=\"wpcf7-form-control wpcf7-date wpcf7-validates-as-required wpcf7-validates-as-date\" aria-required=\"true\" aria-invalid=\"false\" value=\"\" type=\"date\" name=\"odjezd\" \/><\/span>\n\t\t\t<\/p>\n\t\t<\/td>\n\t<\/tr>\n\t<tr>\n\t\t<td style=\"text-align:right\">\n\t\t\t<p><label for=\"your-message\">Message<\/label>\n\t\t\t<\/p>\n\t\t<\/td>\n\t\t<td colspan=\"3\">\n\t\t\t<p><span class=\"wpcf7-form-control-wrap\" data-name=\"your-message\"><textarea cols=\"40\" rows=\"10\" maxlength=\"2000\" class=\"wpcf7-form-control wpcf7-textarea\" id=\"your-message\" aria-invalid=\"false\" name=\"your-message\"><\/textarea><\/span><br \/>\n<small>To send a reservation is necessary to fill the fields marked *.<\/small>\n\t\t\t<\/p>\n\t\t<\/td>\n\t<\/tr>\n\t<tr>\n\t\t<td style=\"text-align:right\">\n\t\t<\/td>\n\t\t<td colspan=\"3\" style=\"text-align:center\">\n\t\t\t<p><input class=\"wpcf7-form-control wpcf7-submit has-spinner\" type=\"submit\" value=\"Book\" \/>\n\t\t\t<\/p>\n\t\t<\/td>\n\t<\/tr>\n<\/table><div class=\"fusion-alert alert custom alert-custom fusion-alert-center wpcf7-response-output fusion-alert-capitalize awb-alert-native-link-color alert-dismissable awb-alert-close-boxed alert-shadow\" style=\"--awb-border-top-left-radius:0px;--awb-border-top-right-radius:0px;--awb-border-bottom-left-radius:0px;--awb-border-bottom-right-radius:0px;\" role=\"alert\"><div class=\"fusion-alert-content-wrapper\"><span class=\"fusion-alert-content\"><\/span><\/div><button type=\"button\" class=\"close toggle-alert\" data-dismiss=\"alert\" aria-label=\"Close\">&times;<\/button><\/div>\n<\/form>\n<\/div>\n\n<\/div><\/div><\/div><div class=\"fusion-clearfix\"><\/div><\/div><\/div><\/div><\/div><div class=\"fusion-fullwidth fullwidth-box fusion-builder-row-3 nonhundred-percent-fullwidth non-hundred-percent-height-scrolling\" style=\"--awb-background-position:left top;--awb-border-radius-top-left:0px;--awb-border-radius-top-right:0px;--awb-border-radius-bottom-right:0px;--awb-border-radius-bottom-left:0px;--awb-border-sizes-top:0px;--awb-border-sizes-bottom:0px;--awb-flex-wrap:wrap;\" ><div class=\"fusion-builder-row fusion-row\"><div class=\"fusion-layout-column fusion_builder_column fusion-builder-column-2 fusion_builder_column_1_1 1_1 fusion-one-full fusion-column-first fusion-column-last fusion-column-no-min-height\" style=\"--awb-bg-size:cover;--awb-margin-top:0px;--awb-margin-bottom:0px;\"><div class=\"fusion-column-wrapper fusion-flex-column-wrapper-legacy\"><div class=\"fusion-column-content-centered\"><div class=\"fusion-column-content\"><div class=\"fusion-text fusion-text-4\"><h5 style=\"text-align: center;\"><span style=\"color: #b5b0a1;\">We will confirm your reservation via e-mail.<br \/>\nIn case of problems, please contact us at <a href=\"mailto:hotel@laromantica.cz\">hotel@laromantica.cz<\/a><\/span><\/h5>\n<\/div><\/div><\/div><div class=\"fusion-clearfix\"><\/div><\/div><\/div><\/div><\/div><div class=\"fusion-fullwidth fullwidth-box fusion-builder-row-4 nonhundred-percent-fullwidth non-hundred-percent-height-scrolling fusion-equal-height-columns\" style=\"--awb-background-position:left top;--awb-border-radius-top-left:0px;--awb-border-radius-top-right:0px;--awb-border-radius-bottom-right:0px;--awb-border-radius-bottom-left:0px;--awb-padding-top:80px;--awb-padding-bottom:0px;--awb-border-sizes-top:0px;--awb-border-sizes-bottom:0px;--awb-flex-wrap:wrap;\" ><div class=\"fusion-builder-row fusion-row\"><div class=\"fusion-layout-column fusion_builder_column fusion-builder-column-3 fusion_builder_column_1_1 1_1 fusion-one-full fusion-column-first fusion-column-last fusion-column-no-min-height\" style=\"--awb-bg-size:cover;--awb-margin-top:0px;--awb-margin-bottom:0px;\"><div class=\"fusion-column-wrapper fusion-flex-column-wrapper-legacy\"><div class=\"fusion-text fusion-text-5\"><h3 style=\"text-align: center;\">WHERE TO FIND US<\/h3>\n<\/div><div class=\"fusion-text fusion-text-6\"><h5 style=\"text-align: center;\"><span style=\"color: #b5b0a1;\">Hotel La Romantica<\/span><\/h5>\n<\/div><div class=\"fusion-sep-clear\"><\/div><div class=\"fusion-separator\" style=\"margin-left: auto;margin-right: auto;margin-top:10px;margin-bottom:40px;width:100%;max-width:80PX;\"><div class=\"fusion-separator-border sep-single sep-solid\" style=\"--awb-height:20px;--awb-amount:20px;--awb-sep-color:#766a5e;border-color:#766a5e;border-top-width:1px;\"><\/div><\/div><div class=\"fusion-sep-clear\"><\/div><div class=\"fusion-text fusion-text-7\"><p style=\"text-align: center;\"><strong>The hotel La Romantica Mlada Boleslav<\/strong>\u00a0is situated in a quiet part of city overlooking the park Stepanka, where the potential for different sports.<br \/>\nThe hotel is located\u00a0<strong>5 minutes walk from the center<\/strong>\u00a0and the historical part of the city. The highway R10 ( Praha \u2013 Liberec ) is just 5 minutes by car.<\/p>\n<\/div><div class=\"fusion-clearfix\"><\/div><\/div><\/div><\/div><\/div><div class=\"fusion-fullwidth fullwidth-box fusion-builder-row-5 hundred-percent-fullwidth non-hundred-percent-height-scrolling fusion-equal-height-columns\" style=\"--awb-background-position:left top;--awb-border-sizes-top:0px;--awb-border-sizes-bottom:0px;--awb-border-sizes-left:0px;--awb-border-sizes-right:0px;--awb-border-radius-top-left:0px;--awb-border-radius-top-right:0px;--awb-border-radius-bottom-right:0px;--awb-border-radius-bottom-left:0px;--awb-padding-top:0px;--awb-padding-right:0px;--awb-padding-bottom:0px;--awb-padding-left:0px;--awb-margin-top:20px;--awb-margin-bottom:0px;--awb-background-color:#2d2d2d;--awb-flex-wrap:wrap;\" ><div class=\"fusion-builder-row fusion-row\"><div class=\"fusion-layout-column fusion_builder_column fusion-builder-column-4 fusion_builder_column_1_1 1_1 fusion-one-full fusion-column-first fusion-column-last fusion-column-no-min-height\" style=\"--awb-bg-blend:overlay;--awb-bg-size:cover;--awb-margin-top:0px;--awb-margin-bottom:0px;\"><div class=\"fusion-column-wrapper fusion-flex-column-wrapper-legacy\"><a class=\"fusion-modal-text-link\" href=\"#\"><iframe style=\"border: 0;\" src=\"https:\/\/www.google.com\/maps\/embed?pb=!1m18!1m12!1m3!1d2542.5810369268806!2d14.9071020160545!3d50.41164517947004!2m3!1f0!2f0!3f0!3m2!1i1024!2i768!4f13.1!3m3!1m2!1s0x470955bc67e47823%3A0xfd02da86cca0323a!2sHotel+a+restaurant+La+Romantica!5e0!3m2!1scs!2scz!4v1551173103240\" width=\"100%\" height=\"600\" frameborder=\"0\" allowfullscreen=\"allowfullscreen\"><\/iframe><\/a><div class=\"fusion-clearfix\"><\/div><\/div><\/div><\/div><\/div>\n<\/p>\n","protected":false},"excerpt":{"rendered":"","protected":false},"author":1,"featured_media":0,"parent":0,"menu_order":0,"comment_status":"closed","ping_status":"closed","template":"100-width.php","meta":{"_exactmetrics_skip_tracking":false,"_exactmetrics_sitenote_active":false,"_exactmetrics_sitenote_note":"","_exactmetrics_sitenote_category":0,"footnotes":""},"class_list":["post-1755","page","type-page","status-publish","hentry"],"yoast_head":"<!-- This site is optimized with the Yoast SEO plugin v26.0 - https:\/\/yoast.com\/wordpress\/plugins\/seo\/ -->\n<title>Reservation - Hotel La Romantica ubytov\u00e1n\u00ed Mlad\u00e1 Boleslav<\/title>\n<meta name=\"description\" content=\"Rezerva\u010dn\u00ed formul\u00e1\u0159 ubytov\u00e1n\u00ed hotelu La Romantica Mlad\u00e1 Boleslav. E-mailem V\u00e1m potvrd\u00edme rezervaci. V p\u0159\u00edpad\u011b pot\u00ed\u017e\u00ed n\u00e1s pros\u00edm, kontaktujte.\" \/>\n<meta name=\"robots\" content=\"index, follow, max-snippet:-1, max-image-preview:large, max-video-preview:-1\" \/>\n<link rel=\"canonical\" href=\"https:\/\/www.hotellaromantica.cz\/en\/reservation\/\" \/>\n<meta property=\"og:locale\" content=\"en_US\" \/>\n<meta property=\"og:type\" content=\"article\" \/>\n<meta property=\"og:title\" content=\"Reservation - Hotel La Romantica ubytov\u00e1n\u00ed Mlad\u00e1 Boleslav\" \/>\n<meta property=\"og:description\" content=\"Rezerva\u010dn\u00ed formul\u00e1\u0159 ubytov\u00e1n\u00ed hotelu La Romantica Mlad\u00e1 Boleslav. E-mailem V\u00e1m potvrd\u00edme rezervaci. V p\u0159\u00edpad\u011b pot\u00ed\u017e\u00ed n\u00e1s pros\u00edm, kontaktujte.\" \/>\n<meta property=\"og:url\" content=\"https:\/\/www.hotellaromantica.cz\/en\/reservation\/\" \/>\n<meta property=\"og:site_name\" content=\"Hotel La Romantica\" \/>\n<meta property=\"article:publisher\" content=\"https:\/\/www.facebook.com\/hotellaromantica\/\" \/>\n<meta property=\"article:modified_time\" content=\"2019-03-19T20:32:44+00:00\" \/>\n<meta name=\"twitter:card\" content=\"summary_large_image\" \/>\n<meta name=\"twitter:label1\" content=\"Est. reading time\" \/>\n\t<meta name=\"twitter:data1\" content=\"5 minutes\" \/>\n<script type=\"application\/ld+json\" class=\"yoast-schema-graph\">{\"@context\":\"https:\/\/schema.org\",\"@graph\":[{\"@type\":\"WebPage\",\"@id\":\"https:\/\/www.hotellaromantica.cz\/en\/reservation\/\",\"url\":\"https:\/\/www.hotellaromantica.cz\/en\/reservation\/\",\"name\":\"Reservation - Hotel La Romantica ubytov\u00e1n\u00ed Mlad\u00e1 Boleslav\",\"isPartOf\":{\"@id\":\"https:\/\/www.hotellaromantica.cz\/#website\"},\"datePublished\":\"2019-02-20T20:26:35+00:00\",\"dateModified\":\"2019-03-19T20:32:44+00:00\",\"description\":\"Rezerva\u010dn\u00ed formul\u00e1\u0159 ubytov\u00e1n\u00ed hotelu La Romantica Mlad\u00e1 Boleslav. E-mailem V\u00e1m potvrd\u00edme rezervaci. V p\u0159\u00edpad\u011b pot\u00ed\u017e\u00ed n\u00e1s pros\u00edm, kontaktujte.\",\"breadcrumb\":{\"@id\":\"https:\/\/www.hotellaromantica.cz\/en\/reservation\/#breadcrumb\"},\"inLanguage\":\"en-US\",\"potentialAction\":[{\"@type\":\"ReadAction\",\"target\":[\"https:\/\/www.hotellaromantica.cz\/en\/reservation\/\"]}]},{\"@type\":\"BreadcrumbList\",\"@id\":\"https:\/\/www.hotellaromantica.cz\/en\/reservation\/#breadcrumb\",\"itemListElement\":[{\"@type\":\"ListItem\",\"position\":1,\"name\":\"Dom\u016f\",\"item\":\"https:\/\/www.hotellaromantica.cz\/en\/\"},{\"@type\":\"ListItem\",\"position\":2,\"name\":\"Reservation\"}]},{\"@type\":\"WebSite\",\"@id\":\"https:\/\/www.hotellaromantica.cz\/#website\",\"url\":\"https:\/\/www.hotellaromantica.cz\/\",\"name\":\"Hotel La Romantica\",\"description\":\"Ubytov\u00e1n\u00ed Mlad\u00e1 Boleslav\",\"publisher\":{\"@id\":\"https:\/\/www.hotellaromantica.cz\/#organization\"},\"potentialAction\":[{\"@type\":\"SearchAction\",\"target\":{\"@type\":\"EntryPoint\",\"urlTemplate\":\"https:\/\/www.hotellaromantica.cz\/?s={search_term_string}\"},\"query-input\":{\"@type\":\"PropertyValueSpecification\",\"valueRequired\":true,\"valueName\":\"search_term_string\"}}],\"inLanguage\":\"en-US\"},{\"@type\":\"Organization\",\"@id\":\"https:\/\/www.hotellaromantica.cz\/#organization\",\"name\":\"Hotel La Romantica\",\"url\":\"https:\/\/www.hotellaromantica.cz\/\",\"logo\":{\"@type\":\"ImageObject\",\"inLanguage\":\"en-US\",\"@id\":\"https:\/\/www.hotellaromantica.cz\/#\/schema\/logo\/image\/\",\"url\":\"https:\/\/www.hotellaromantica.cz\/wp-content\/uploads\/2019\/03\/hotellaromantica.jpg\",\"contentUrl\":\"https:\/\/www.hotellaromantica.cz\/wp-content\/uploads\/2019\/03\/hotellaromantica.jpg\",\"width\":1200,\"height\":628,\"caption\":\"Hotel La Romantica\"},\"image\":{\"@id\":\"https:\/\/www.hotellaromantica.cz\/#\/schema\/logo\/image\/\"},\"sameAs\":[\"https:\/\/www.facebook.com\/hotellaromantica\/\"]}]}<\/script>\n<!-- \/ Yoast SEO plugin. -->","yoast_head_json":{"title":"Reservation - Hotel La Romantica ubytov\u00e1n\u00ed Mlad\u00e1 Boleslav","description":"Rezerva\u010dn\u00ed formul\u00e1\u0159 ubytov\u00e1n\u00ed hotelu La Romantica Mlad\u00e1 Boleslav. E-mailem V\u00e1m potvrd\u00edme rezervaci. V p\u0159\u00edpad\u011b pot\u00ed\u017e\u00ed n\u00e1s pros\u00edm, kontaktujte.","robots":{"index":"index","follow":"follow","max-snippet":"max-snippet:-1","max-image-preview":"max-image-preview:large","max-video-preview":"max-video-preview:-1"},"canonical":"https:\/\/www.hotellaromantica.cz\/en\/reservation\/","og_locale":"en_US","og_type":"article","og_title":"Reservation - Hotel La Romantica ubytov\u00e1n\u00ed Mlad\u00e1 Boleslav","og_description":"Rezerva\u010dn\u00ed formul\u00e1\u0159 ubytov\u00e1n\u00ed hotelu La Romantica Mlad\u00e1 Boleslav. E-mailem V\u00e1m potvrd\u00edme rezervaci. V p\u0159\u00edpad\u011b pot\u00ed\u017e\u00ed n\u00e1s pros\u00edm, kontaktujte.","og_url":"https:\/\/www.hotellaromantica.cz\/en\/reservation\/","og_site_name":"Hotel La Romantica","article_publisher":"https:\/\/www.facebook.com\/hotellaromantica\/","article_modified_time":"2019-03-19T20:32:44+00:00","twitter_card":"summary_large_image","twitter_misc":{"Est. reading time":"5 minutes"},"schema":{"@context":"https:\/\/schema.org","@graph":[{"@type":"WebPage","@id":"https:\/\/www.hotellaromantica.cz\/en\/reservation\/","url":"https:\/\/www.hotellaromantica.cz\/en\/reservation\/","name":"Reservation - Hotel La Romantica ubytov\u00e1n\u00ed Mlad\u00e1 Boleslav","isPartOf":{"@id":"https:\/\/www.hotellaromantica.cz\/#website"},"datePublished":"2019-02-20T20:26:35+00:00","dateModified":"2019-03-19T20:32:44+00:00","description":"Rezerva\u010dn\u00ed formul\u00e1\u0159 ubytov\u00e1n\u00ed hotelu La Romantica Mlad\u00e1 Boleslav. E-mailem V\u00e1m potvrd\u00edme rezervaci. V p\u0159\u00edpad\u011b pot\u00ed\u017e\u00ed n\u00e1s pros\u00edm, kontaktujte.","breadcrumb":{"@id":"https:\/\/www.hotellaromantica.cz\/en\/reservation\/#breadcrumb"},"inLanguage":"en-US","potentialAction":[{"@type":"ReadAction","target":["https:\/\/www.hotellaromantica.cz\/en\/reservation\/"]}]},{"@type":"BreadcrumbList","@id":"https:\/\/www.hotellaromantica.cz\/en\/reservation\/#breadcrumb","itemListElement":[{"@type":"ListItem","position":1,"name":"Dom\u016f","item":"https:\/\/www.hotellaromantica.cz\/en\/"},{"@type":"ListItem","position":2,"name":"Reservation"}]},{"@type":"WebSite","@id":"https:\/\/www.hotellaromantica.cz\/#website","url":"https:\/\/www.hotellaromantica.cz\/","name":"Hotel La Romantica","description":"Ubytov\u00e1n\u00ed Mlad\u00e1 Boleslav","publisher":{"@id":"https:\/\/www.hotellaromantica.cz\/#organization"},"potentialAction":[{"@type":"SearchAction","target":{"@type":"EntryPoint","urlTemplate":"https:\/\/www.hotellaromantica.cz\/?s={search_term_string}"},"query-input":{"@type":"PropertyValueSpecification","valueRequired":true,"valueName":"search_term_string"}}],"inLanguage":"en-US"},{"@type":"Organization","@id":"https:\/\/www.hotellaromantica.cz\/#organization","name":"Hotel La Romantica","url":"https:\/\/www.hotellaromantica.cz\/","logo":{"@type":"ImageObject","inLanguage":"en-US","@id":"https:\/\/www.hotellaromantica.cz\/#\/schema\/logo\/image\/","url":"https:\/\/www.hotellaromantica.cz\/wp-content\/uploads\/2019\/03\/hotellaromantica.jpg","contentUrl":"https:\/\/www.hotellaromantica.cz\/wp-content\/uploads\/2019\/03\/hotellaromantica.jpg","width":1200,"height":628,"caption":"Hotel La Romantica"},"image":{"@id":"https:\/\/www.hotellaromantica.cz\/#\/schema\/logo\/image\/"},"sameAs":["https:\/\/www.facebook.com\/hotellaromantica\/"]}]}},"_links":{"self":[{"href":"https:\/\/www.hotellaromantica.cz\/en\/wp-json\/wp\/v2\/pages\/1755","targetHints":{"allow":["GET"]}}],"collection":[{"href":"https:\/\/www.hotellaromantica.cz\/en\/wp-json\/wp\/v2\/pages"}],"about":[{"href":"https:\/\/www.hotellaromantica.cz\/en\/wp-json\/wp\/v2\/types\/page"}],"author":[{"embeddable":true,"href":"https:\/\/www.hotellaromantica.cz\/en\/wp-json\/wp\/v2\/users\/1"}],"replies":[{"embeddable":true,"href":"https:\/\/www.hotellaromantica.cz\/en\/wp-json\/wp\/v2\/comments?post=1755"}],"version-history":[{"count":7,"href":"https:\/\/www.hotellaromantica.cz\/en\/wp-json\/wp\/v2\/pages\/1755\/revisions"}],"predecessor-version":[{"id":1882,"href":"https:\/\/www.hotellaromantica.cz\/en\/wp-json\/wp\/v2\/pages\/1755\/revisions\/1882"}],"wp:attachment":[{"href":"https:\/\/www.hotellaromantica.cz\/en\/wp-json\/wp\/v2\/media?parent=1755"}],"curies":[{"name":"wp","href":"https:\/\/api.w.org\/{rel}","templated":true}]}}